{"id":7,"date":"2014-10-12T15:42:30","date_gmt":"2014-10-12T15:42:30","guid":{"rendered":"http:\/\/www.eurosfera.org\/?page_id=7"},"modified":"2021-10-09T11:51:19","modified_gmt":"2021-10-09T11:51:19","slug":"%d0%bf%d0%be%d1%87%d0%b5%d1%82%d0%bd%d0%b0","status":"publish","type":"page","link":"https:\/\/conference.eurosfera.org\/","title":{"rendered":"\u041f\u043e\u0447\u0435\u0442\u043d\u0430"},"content":{"rendered":"<p><a href=\"https:\/\/www.eurosfera.org\/?attachment_id=7570\" rel=\"attachment wp-att-7570\"><img loading=\"lazy\" class=\"alignleft wp-image-7570\" src=\"https:\/\/www.eurosfera.org\/wp-content\/uploads\/\u0428\u0435\u0441\u0442\u0430-\u0431\u0440\u0438\u0442\u0430\u043d\u0441\u043a\u043e-\u0441\u0440\u043f\u0441\u043a\u0430-\u043a\u043e\u043d\u0444\u0435\u0440\u0435\u043d\u0446\u0438\u0458\u0430.-\u041f\u0440\u043e\u0433\u0440\u0430\u043c-\u0440\u0430\u0434\u043d\u0438-\u043a\u043e\u043f\u0438\u0458\u0430-300x121.jpg\" alt=\"\" width=\"769\" height=\"310\" srcset=\"https:\/\/conference.eurosfera.org\/wp-content\/uploads\/\u0428\u0435\u0441\u0442\u0430-\u0431\u0440\u0438\u0442\u0430\u043d\u0441\u043a\u043e-\u0441\u0440\u043f\u0441\u043a\u0430-\u043a\u043e\u043d\u0444\u0435\u0440\u0435\u043d\u0446\u0438\u0458\u0430.-\u041f\u0440\u043e\u0433\u0440\u0430\u043c-\u0440\u0430\u0434\u043d\u0438-\u043a\u043e\u043f\u0438\u0458\u0430-300x121.jpg 300w, https:\/\/conference.eurosfera.org\/wp-content\/uploads\/\u0428\u0435\u0441\u0442\u0430-\u0431\u0440\u0438\u0442\u0430\u043d\u0441\u043a\u043e-\u0441\u0440\u043f\u0441\u043a\u0430-\u043a\u043e\u043d\u0444\u0435\u0440\u0435\u043d\u0446\u0438\u0458\u0430.-\u041f\u0440\u043e\u0433\u0440\u0430\u043c-\u0440\u0430\u0434\u043d\u0438-\u043a\u043e\u043f\u0438\u0458\u0430-768x309.jpg 768w, https:\/\/conference.eurosfera.org\/wp-content\/uploads\/\u0428\u0435\u0441\u0442\u0430-\u0431\u0440\u0438\u0442\u0430\u043d\u0441\u043a\u043e-\u0441\u0440\u043f\u0441\u043a\u0430-\u043a\u043e\u043d\u0444\u0435\u0440\u0435\u043d\u0446\u0438\u0458\u0430.-\u041f\u0440\u043e\u0433\u0440\u0430\u043c-\u0440\u0430\u0434\u043d\u0438-\u043a\u043e\u043f\u0438\u0458\u0430-1024x412.jpg 1024w, https:\/\/conference.eurosfera.org\/wp-content\/uploads\/\u0428\u0435\u0441\u0442\u0430-\u0431\u0440\u0438\u0442\u0430\u043d\u0441\u043a\u043e-\u0441\u0440\u043f\u0441\u043a\u0430-\u043a\u043e\u043d\u0444\u0435\u0440\u0435\u043d\u0446\u0438\u0458\u0430.-\u041f\u0440\u043e\u0433\u0440\u0430\u043c-\u0440\u0430\u0434\u043d\u0438-\u043a\u043e\u043f\u0438\u0458\u0430.jpg 1240w\" sizes=\"(max-width: 769px) 100vw, 769px\" \/><\/a><strong><span style=\"font-size: 12pt; color: #333399;\">\u0160esta britansko-srpska konferencija\u00a0<\/span><\/strong><\/p>\n<p style=\"text-align: center;\"><span style=\"color: #ff0000;\"><strong><span style=\"font-size: 12pt;\">Mogu\u0107nosti nakon novog bilateralnog trgovinskog sporazuma<\/span><\/strong><\/span><\/p>\n<p style=\"text-align: center;\"><strong><span style=\"font-size: 12pt; color: #333399;\">Klub narodnih poslanika, ponedeljak, 1. novembar 2021.<\/span><\/strong><\/p>\n<p><span style=\"font-size: 10pt; color: #000000;\">Po\u0161tovane dame i gospodo,<\/span><\/p>\n<p><span style=\"font-size: 10pt; color: #000000;\">Sa zadovoljstvom Vas obave\u0161tavamo da je zakazana \u0160esta Eurosfera konferencija o britansko-srpskim odnosima, pod nazivom <span style=\"color: #ff0000;\"><strong>\u201cMogu\u0107nosti nakon novog bilateralnog trgovinskog sporazuma\u201d <\/strong><\/span>(Opportunities Following the New Bilateral Trade Agreement). Konferencija \u0107e se odr\u017eati u Klubu narodnih poslanika, u Tolstojevoj 2, u ponedeljak, 1. novembra 2021. godine.<\/span><\/p>\n<p><span style=\"font-size: 10pt; color: #000000;\">Pokrovitelj konferencije je <strong><span style=\"color: #333399;\">dr Vladimir Orli\u0107, potpredsednik Narodne skup\u0161tine Republike Srbije<\/span><\/strong>, a organizaciju konferencije podr\u017eavaju <strong><span style=\"color: #333399;\">Grupa za Srbiju Parlamenta Velike Britanije<\/span><\/strong> i <strong><span style=\"color: #333399;\">Grupa prijateljstva sa Velikom Britanijom Narodne skup\u0161tine.<\/span><\/strong> U znaku sna\u017ene podr\u0161ke zakonodavnih tela ja\u010danju privredne, ali i nau\u010dne i kulturne saradnje, program konferencije \u0107e obuhvatiti i pitanja od zna\u010daja za saradnju grupa prijateljstva poslanika Parlamenta Velike Britanije i Skup\u0161tine Srbije.<\/span><\/p>\n<p><span style=\"font-size: 10pt; color: #000000;\">Tim povodom, dr Vladimir Orli\u0107, potpredsednik Narodne skup\u0161tine je izjavio: \u201eU vremenu kada se u svetu, a posebno u na\u0161e dve zemlje, preduzimaju intenzivne aktivnosti da se globalna pandemija kovid-19 stavi pod kontrolu, a zatim i pobedi, napori za ja\u010danje bilateralne saradnje su od posebnog zna\u010daja. Unapred se radujemo \u0161to \u0107e se na predstoje\u0107oj konferenciji i ovoga puta okupiti poslenici dr\u017eavnih, privrednih, kulturnih i nau\u010dnih ustanova, kao i udru\u017eenja, u cilju davanja doprinosa novim vidovima saradnje izme\u0111u Velike Britanije i Srbije. Nedavno stupanje na snagu Sporazuma o partnerstvu, trgovini i saradnji izme\u0111u Srbije i Velike Britanije, kao i Bregzit, navedenim ciljevima u bilatelarnoj saradnji daju nove i druga\u010dije mogu\u0107nosti, koje \u0107emo zajedno poku\u0161ati da realizujemo u narednom periodu.\u201d<\/span><\/p>\n<p><span style=\"font-size: 10pt; color: #000000;\"><strong><span style=\"color: #333399;\">Endru Brid\u017een, predsednik Grupe za Srbiju Parlamenta Velike Britanije<\/span><\/strong>, koji je i jedan od u\u010desnika predstoje\u0107e konferencije, za portal Eurosfera, izmedju ostalog, izjavio je: &#8220;Mi u Grupi za Srbiju Parlamenta Velike Britanije pozdravljamo inicijativu za organizaciju \u0160este britansko-srpske konferencije kao instrumenta za povezivanje poslovnih ljudi iz Velike Britanije i Srbije. Ekonomska saradnja na\u0161ih zemalja je u porastu u poslednje vreme i verujem da \u0107e parlamentarna saradnja nastaviti da doprinosi ovim procesima&#8221;.<\/span><\/p>\n<p><span style=\"font-size: 10pt; color: #000000;\">Organizator konferencije je <strong><span style=\"color: #333399;\">\u201eEurosfera\u201c<\/span><\/strong> iz Beograda, koja \u0107<\/span><span style=\"font-size: 10pt; color: #000000;\">e na osnovu predloga zainteresovanih organizacija sa\u010diniti radnu verziju programa, obave\u0161tavati potencijalne u\u010desnike putem sajta www.eurosfera.org i sredstava javnog informisanja, obezbediti simultano prevo\u0111enje, kao i organizovati koktel i osve\u017eenja tokom pauza, zajedno sa dru\u0161tveno odgovornim kompanijama.<\/span><\/p>\n<p><span style=\"font-size: 10pt; color: #000000;\">&#8220;Eurosfera&#8221; dosada\u0161njim medjunarodnim skupovima, uklju\u010div i 6. konferenciju, doprinosi razvoju i unapredjenju saradnje UK i Srbije, o \u010demu svedo\u010de i brojni uvidi do kojih se tokom tih susreta do\u0161lo a \u010diju vrednost potvrdjuje odjek u stru\u010dnoj i ukupnoj javnosti u Srbiji i inostranstvu.\u00a0<\/span><\/p>\n<p><span style=\"font-size: 10pt; color: #000000;\">P<strong>ozivamo Vas da preko ovog sajta (dugmi\u0107i sa crvenom pozadinom iznad ovog teksta) preuzmete <span style=\"color: #ff0000;\">program konferencije<\/span> i popunite <span style=\"color: #ff0000;\">prijavu za u\u010de\u0161\u0107e<\/span>.<\/strong><\/span><\/p>\n<p><span style=\"font-size: 10pt; color: #000000;\">Ukoliko ste zainteresovani da Va\u0161a organizacija bude\u00a0<strong>sponzor konferencije, molimo da nas kontaktirate telefonom ili putem imejla.<\/strong><\/span><\/p>\n<p><span style=\"font-size: 10pt;\">Na raspolaganju smo za dopunske informacije.\u00a0<\/span><span style=\"font-size: 10pt; color: #000000;\">Organizacioni odbor \u0107e, takodje, pa\u017eljivo razmotriti Va\u0161e predloge i inicijative, na \u010demu bismo Vam bili zahvalni.<\/span><\/p>\n<p><span style=\"font-size: 10pt; color: #000000;\">U o\u010dekivanju Va\u0161eg odgovora, i s po\u0161tovanjem,<\/span><\/p>\n<table>\n<tbody>\n<tr>\n<td width=\"395\"><span style=\"font-size: 10pt; color: #000000;\"><strong>Za Organizacioni odbor konferencije<\/strong><\/span><\/p>\n<p><span style=\"font-size: 10pt; color: #ff0000;\"><strong>Opportunities Following the New Bilateral Trade Agreement<\/strong><\/span><\/p>\n<p><span style=\"font-size: 10pt; color: #000000;\">Prof. dr Mihajlo Rabrenovi\u0107 <\/span><\/p>\n<p><span style=\"font-size: 10pt; color: #000000;\">Mobilni 064 105 40 85<\/span><\/p>\n<p><span style=\"font-size: 10pt;\"><strong><span style=\"color: #333399;\">seminar@eurosfera.org<\/span><\/strong><\/span><\/td>\n<td width=\"262\"><span style=\"font-size: 10pt; color: #000000;\"><strong>\u00a0<\/strong><\/span><\/td>\n<\/tr>\n<\/tbody>\n<\/table>\n<p>&nbsp;<\/p>\n<p><iframe loading=\"lazy\" title=\"Najava \u0160este britansko-srpske konferencije. Klub poslanika u Beogradu. Ponedeljak, 1. novembar 2021.\" width=\"500\" height=\"281\" src=\"https:\/\/www.youtube.com\/embed\/1rb5M5PHl-g?feature=oembed\" frameborder=\"0\" allow=\"accelerometer; autoplay; clipboard-write; encrypted-media; gyroscope; picture-in-picture; web-share\" allowfullscreen><\/iframe><\/p>\n","protected":false},"excerpt":{"rendered":"<p>\u0160esta britansko-srpska konferencija\u00a0 Mogu\u0107nosti nakon novog bilateralnog trgovinskog sporazuma Klub narodnih poslanika, ponedeljak, 1. novembar 2021. Po\u0161tovane dame i gospodo, Sa zadovoljstvom Vas obave\u0161tavamo da je zakazana \u0160esta Eurosfera konferencija o britansko-srpskim odnosima, pod nazivom \u201cMogu\u0107nosti nakon novog bilateralnog trgovinskog sporazuma\u201d (Opportunities Following the New Bilateral Trade Agreement). Konferencija \u0107e se odr\u017eati u Klubu narodnih [&hellip;]<\/p>\n","protected":false},"author":1,"featured_media":0,"parent":0,"menu_order":0,"comment_status":"open","ping_status":"open","template":"","meta":[],"_links":{"self":[{"href":"https:\/\/conference.eurosfera.org\/index.php?rest_route=\/wp\/v2\/pages\/7"}],"collection":[{"href":"https:\/\/conference.eurosfera.org\/index.php?rest_route=\/wp\/v2\/pages"}],"about":[{"href":"https:\/\/conference.eurosfera.org\/index.php?rest_route=\/wp\/v2\/types\/page"}],"author":[{"embeddable":true,"href":"https:\/\/conference.eurosfera.org\/index.php?rest_route=\/wp\/v2\/users\/1"}],"replies":[{"embeddable":true,"href":"https:\/\/conference.eurosfera.org\/index.php?rest_route=%2Fwp%2Fv2%2Fcomments&post=7"}],"version-history":[{"count":231,"href":"https:\/\/conference.eurosfera.org\/index.php?rest_route=\/wp\/v2\/pages\/7\/revisions"}],"predecessor-version":[{"id":7572,"href":"https:\/\/conference.eurosfera.org\/index.php?rest_route=\/wp\/v2\/pages\/7\/revisions\/7572"}],"wp:attachment":[{"href":"https:\/\/conference.eurosfera.org\/index.php?rest_route=%2Fwp%2Fv2%2Fmedia&parent=7"}],"curies":[{"name":"wp","href":"https:\/\/api.w.org\/{rel}","templated":true}]}}